{"id":51070,"date":"2022-09-13T17:18:26","date_gmt":"2022-09-13T15:18:26","guid":{"rendered":"https:\/\/www.computerline.fr\/?page_id=51070"},"modified":"2026-02-12T11:34:30","modified_gmt":"2026-02-12T10:34:30","slug":"logiciel-de-gestion-location-materiel-evenementiel","status":"publish","type":"page","link":"https:\/\/www.computerline.fr\/en\/logiciel-de-gestion-location-materiel-evenementiel\/","title":{"rendered":"Logiciel de gestion pour location de mat\u00e9riel \u00e9v\u00e9nementiel"},"content":{"rendered":"<p><span style=\"font-weight: 400\">Specialists in the field of IT management for over 20 years, our software will provide you with simplicity and performance when it comes to renting your event equipment. Discover also our <a href=\"https:\/\/www.computerline.fr\/en\/logiciel-de-gestion-pour-location-de-materiel-btp\/\">software for equipment rental<\/a>.<\/span><\/p>\n<p><span style=\"font-weight: 400\">Whether you need to hire sound and lighting equipment, tents and marquees, or tables and crockery, ComputerLine will enable you to manage all the stages of your event equipment hire from a single software package, from the creation of the quote to the delivery of the equipment, returns, invoicing, payments and transfer to the accounts.<\/span><\/p>\n<p>&nbsp;<\/p>\n<p><img decoding=\"async\" class=\"aligncenter wp-image-51071\" src=\"https:\/\/www.computerline.fr\/wp-content\/uploads\/2022\/09\/automatisation-location.png\" alt=\"logiciel de gestion\" width=\"612\" height=\"386\" \/><\/p>\n<p>&nbsp;<\/p>\n<h2><span style=\"font-weight: 400\">Managing orders and invoicing for your rentals<\/span><\/h2>\n<p><span style=\"font-weight: 400\">First of all, our software makes it easy to create your invoicing documents once you've entered the customer's details for the quote. So you can go straight from a quote to an invoice, saving time. Secondly, you'll be able to manage the availability of your equipment using a management and planning tool:<\/span><\/p>\n<ul>\n<li style=\"font-weight: 400\"><span style=\"font-weight: 400\">enter the number of orders and parts ordered<\/span><\/li>\n<li style=\"font-weight: 400\"><span style=\"font-weight: 400\">product weight management (gross and net weights with tare calculation).<\/span><\/li>\n<li style=\"font-weight: 400\"><span style=\"font-weight: 400\">easier to carry out inventories<\/span><\/li>\n<\/ul>\n<p><span style=\"font-weight: 400\">Finally, if part of the equipment is broken, lost or not returned by the customer, you can specify this directly in the returns slip, and the software will automatically invoice and remove the product from stock.\u00a0<\/span><\/p>\n<p>&nbsp;<\/p>\n<h2><span style=\"font-weight: 400\">A complete and detailed contact sheet<\/span><\/h2>\n<p><span style=\"font-weight: 400\">Our Contact range also enables you to manage detailed information about each of your contacts: postal address, telephone, fax, postcode, email, website, status (stakeholder, customer, supplier, third party or prospect). The tool also includes customisable fields and alert management (last call and next call, for example).\u00a0<\/span><\/p>\n<p><span style=\"font-weight: 400\">This software can be accessed at any time, from anywhere in the world, thanks to remote access in the Cloud.<\/span><\/p>\n<p><span style=\"font-weight: 400\">What's more, for a more than reasonable investment, the following features are included as standard:<\/span><\/p>\n<ul>\n<li style=\"font-weight: 400\"><span style=\"font-weight: 400\">remote Windows desktop<\/span><\/li>\n<li style=\"font-weight: 400\"><span style=\"font-weight: 400\">telephone assistance and teleworking<\/span><\/li>\n<li style=\"font-weight: 400\"><span style=\"font-weight: 400\">tools for sending e-mails, letters or spreadsheets<\/span><\/li>\n<\/ul>\n<p><span style=\"font-weight: 400\">Thanks to its experience in the field of management software, ComputerLine offers you support in setting up your management solutions, and fully customised configuration for your business. For any further information, please do not hesitate to contact us on 04 42 58 64 12 or via our contact page. <\/span><a href=\"https:\/\/www.computerline.fr\/en\/contactez-nous\/\"><span style=\"font-weight: 400\">contact form.<\/span><\/a><\/p>\n<p>&nbsp;<\/p>","protected":false},"excerpt":{"rendered":"<p>Specialists in the field of IT management for over 20 years, our software will provide you with simplicity and performance when it comes to renting your event equipment. Find out more about our equipment rental software. Whether you're hiring sound and lighting equipment, tents and marquees, or [...]<\/p>","protected":false},"author":8,"featured_media":51071,"parent":0,"menu_order":0,"comment_status":"closed","ping_status":"closed","template":"","meta":{"_et_pb_use_builder":"","_et_pb_old_content":"","_et_gb_content_width":"","om_disable_all_campaigns":false,"inline_featured_image":false,"_monsterinsights_skip_tracking":false,"_monsterinsights_sitenote_active":false,"_monsterinsights_sitenote_note":"","_monsterinsights_sitenote_category":0,"_uf_show_specific_survey":0,"_uf_disable_surveys":false,"footnotes":""},"dipi_cpt_category":[],"class_list":["post-51070","page","type-page","status-publish","has-post-thumbnail","hentry"],"_links":{"self":[{"href":"https:\/\/www.computerline.fr\/en\/wp-json\/wp\/v2\/pages\/51070","targetHints":{"allow":["GET"]}}],"collection":[{"href":"https:\/\/www.computerline.fr\/en\/wp-json\/wp\/v2\/pages"}],"about":[{"href":"https:\/\/www.computerline.fr\/en\/wp-json\/wp\/v2\/types\/page"}],"author":[{"embeddable":true,"href":"https:\/\/www.computerline.fr\/en\/wp-json\/wp\/v2\/users\/8"}],"replies":[{"embeddable":true,"href":"https:\/\/www.computerline.fr\/en\/wp-json\/wp\/v2\/comments?post=51070"}],"version-history":[{"count":8,"href":"https:\/\/www.computerline.fr\/en\/wp-json\/wp\/v2\/pages\/51070\/revisions"}],"predecessor-version":[{"id":51244,"href":"https:\/\/www.computerline.fr\/en\/wp-json\/wp\/v2\/pages\/51070\/revisions\/51244"}],"wp:featuredmedia":[{"embeddable":true,"href":"https:\/\/www.computerline.fr\/en\/wp-json\/wp\/v2\/media\/51071"}],"wp:attachment":[{"href":"https:\/\/www.computerline.fr\/en\/wp-json\/wp\/v2\/media?parent=51070"}],"wp:term":[{"taxonomy":"dipi_cpt_category","embeddable":true,"href":"https:\/\/www.computerline.fr\/en\/wp-json\/wp\/v2\/dipi_cpt_category?post=51070"}],"curies":[{"name":"wp","href":"https:\/\/api.w.org\/{rel}","templated":true}]}}